{"id":212,"date":"2017-08-27T12:57:15","date_gmt":"2017-08-27T10:57:15","guid":{"rendered":"http:\/\/127.0.0.1\/?page_id=212"},"modified":"2025-04-02T13:37:16","modified_gmt":"2025-04-02T11:37:16","slug":"staff","status":"publish","type":"page","link":"https:\/\/www.libriliberi.bz.it\/rm\/index.php\/staff\/","title":{"rendered":"Staff"},"content":{"rendered":"<p>[et_pb_section fb_built=&#8221;1&#8243; _builder_version=&#8221;4.16&#8243; global_colors_info=&#8221;{}&#8221;][\/et_pb_section][et_pb_section fb_built=&#8221;1&#8243; _builder_version=&#8221;4.16&#8243; _module_preset=&#8221;default&#8221; global_colors_info=&#8221;{}&#8221;][et_pb_row _builder_version=&#8221;4.27.4&#8243; background_color=&#8221;#e8e8e8&#8243; background_size=&#8221;initial&#8221; background_position=&#8221;top_left&#8221; background_repeat=&#8221;repeat&#8221; border_color_all=&#8221;#ffffff&#8221; locked=&#8221;off&#8221; global_colors_info=&#8221;{}&#8221;][et_pb_column type=&#8221;4_4&#8243; _builder_version=&#8221;4.16&#8243; custom_padding=&#8221;|||&#8221; global_colors_info=&#8221;{}&#8221; custom_padding__hover=&#8221;|||&#8221;][et_pb_text admin_label=&#8221;Staff&#8221; module_id=&#8221;staff&#8221; _builder_version=&#8221;4.27.4&#8243; background_size=&#8221;initial&#8221; background_position=&#8221;top_left&#8221; background_repeat=&#8221;repeat&#8221; custom_margin=&#8221;10px|10px|10px|10px&#8221; saved_tabs=&#8221;all&#8221; global_colors_info=&#8221;{}&#8221;]<\/p>\n<h1>Staff<\/h1>\n<p>Il consiglio di amministrazione di Libriliberi \u00e8 composto interamente da donne.<\/p>\n<p>[\/et_pb_text][et_pb_accordion admin_label=&#8221;Staff&#8221; _builder_version=&#8221;4.27.4&#8243; toggle_level=&#8221;h3&#8243; toggle_font=&#8221;Montserrat||||||||&#8221; custom_padding=&#8221;|10px||10px&#8221; hover_enabled=&#8221;0&#8243; border_style=&#8221;solid&#8221; saved_tabs=&#8221;all&#8221; global_colors_info=&#8221;{}&#8221; sticky_enabled=&#8221;0&#8243;][et_pb_accordion_item title=&#8221;Iolanda Cristaldi&#8221; open=&#8221;off&#8221; _builder_version=&#8221;4.27.4&#8243; background_size=&#8221;initial&#8221; background_position=&#8221;top_left&#8221; background_repeat=&#8221;repeat&#8221; hover_enabled=&#8221;0&#8243; global_colors_info=&#8221;{}&#8221; sticky_enabled=&#8221;0&#8243;]<\/p>\n<p class=\"western\"><img decoding=\"async\" loading=\"lazy\" class=\"wp-image-482 size-medium alignleft\" src=\"http:\/\/www.libriliberi.bz.it\/rm\/wp-content\/uploads\/2017\/08\/Iolanda-Cristaldi-225x300.jpg\" alt=\"\" width=\"225\" height=\"300\" \/><b>Iolanda Cristaldi<\/b>, socia fondatrice e presidente della Cooperativa. Bibliotecaria (professione disciplinata dalla legge n. 4\/2013) iscritta all&#8217;Elenco degli Associati AIB, Membro del Gruppo nazionale di lavoro AIB (Valutazione e impatto delle tecnologie nei servizi bibliotecari), lavora fin dal 1998 in ambito biblioteconomico con attivit\u00e0 di catalogazione, consulenza e formazione. Si \u00e8 laureata in Scienze dell\u2019educazione, indirizzo Esperto nei processi formativi, corso di Laurea in lettere e filosofia, presso l\u2019Universit\u00e0 degli Studi di Verona e successivamente in Conservazione Beni Culturali, Facolt\u00e0 di Lettere e Filosofia, indirizzo archivistico librario, presso l\u2019Universit\u00e0 Ca\u2019 Foscari di Venezia; ha conseguito a Roma presso la Facolt\u00e0 di Lettere e Filosofia dell&#8217;Universit\u00e0 di Tor Vergata un Master di 1. livello in Indicizzazione di documenti cartacei, multimediali ed elettronici in ambiente digitale, e si \u00e8 diplomata presso l\u2019Archivio di Stato di Bolzano, Scuola di archivistica, paleografia e diplomatica. In qualit\u00e0 di presidente si occupa degli aspetti amministrativi e organizzativi della Cooperativa, mantiene le relazioni con gli enti committenti e la Pubblica amministrazione, svolge lavoro catalografico, prediligendo la catalogazione di documenti antichi o di carattere archivistico.<\/p>\n<p>[\/et_pb_accordion_item][et_pb_accordion_item title=&#8221;Valeria Mantovan&#8221; _builder_version=&#8221;4.27.4&#8243; background_size=&#8221;initial&#8221; background_position=&#8221;top_left&#8221; background_repeat=&#8221;repeat&#8221; global_colors_info=&#8221;{}&#8221; open=&#8221;off&#8221;]<img decoding=\"async\" loading=\"lazy\" class=\"size-medium wp-image-335 alignleft\" src=\"http:\/\/www.libriliberi.bz.it\/rm\/wp-content\/uploads\/2017\/08\/valeriamantovan-1-225x300.png\" alt=\"\" width=\"225\" height=\"300\" srcset=\"https:\/\/www.libriliberi.bz.it\/rm\/wp-content\/uploads\/2017\/08\/valeriamantovan-1-225x300.png 225w, https:\/\/www.libriliberi.bz.it\/rm\/wp-content\/uploads\/2017\/08\/valeriamantovan-1.png 300w\" sizes=\"(max-width: 225px) 100vw, 225px\" \/><b>Valeria Mantovan<\/b>, socia fondatrice. Dal 2003 lavora nel settore delle biblioteche. Catalogatrice esperta di materiali multimediali e a stampa, con particolare predilizione per il libro antico, \u00e8 coordinatrice dei lavori di catalogazione delle risorse multimediali e si occupa della formazione ad essa relativa. Si \u00e8 laureata a Parma in Conservazione Beni Culturali, Facolt\u00e0 di Lettere e Filosofia, indirizzo archivistico librario.<\/p>\n<p>[\/et_pb_accordion_item][et_pb_accordion_item title=&#8221;Alessio Gerometta&#8221; _builder_version=&#8221;4.27.4&#8243; background_size=&#8221;initial&#8221; background_position=&#8221;top_left&#8221; background_repeat=&#8221;repeat&#8221; global_colors_info=&#8221;{}&#8221; open=&#8221;off&#8221;]<\/p>\n<p><img decoding=\"async\" loading=\"lazy\" class=\"wp-image-488 size-medium alignleft\" src=\"http:\/\/www.libriliberi.bz.it\/rm\/wp-content\/uploads\/2017\/08\/AlessioGerometta-225x300.jpg\" alt=\"\" width=\"225\" height=\"300\" \/><\/p>\n<p class=\"western\"><b>Alessio Gerometta<\/b>, socio della Cooperativa dal 2011. Si \u00e8 laureato a Parma in Beni artistici, teatrali, cinematografici e dei nuovi media, Facolt\u00e0 di Lettere e Filosofia e ha conseguito, sempre a Parma, la Laurea Magistrale in Storia, critica e organizzazione delle arti e dello spettacolo, gestione e catalogazione dei beni culturali, economia della cultura e dell&#8217;arte, management della cultura e dell&#8217;arte. Svolge servizio di catalogazione di materiale librario moderno a stampa a favore delle biblioteche pubbliche e scolastiche.<\/p>\n<p>[\/et_pb_accordion_item][et_pb_accordion_item title=&#8221;Valentina Garozzo&#8221; _builder_version=&#8221;4.27.4&#8243; _module_preset=&#8221;default&#8221; hover_enabled=&#8221;0&#8243; global_colors_info=&#8221;{}&#8221; open=&#8221;off&#8221; sticky_enabled=&#8221;0&#8243;]<\/p>\n<p class=\"western\"><img decoding=\"async\" loading=\"lazy\" class=\"wp-image-482 size-medium alignleft\" src=\"https:\/\/www.libriliberi.bz.it\/rm\/wp-content\/uploads\/2023\/12\/unnamed-225x300.jpg\" alt=\"\" width=\"225\" height=\"300\" \/> <b>Valentina Garozzo<\/b>, collaboratrice della cooperativa dal 2024, si \u00e8 laureata col vecchio ordinamento in Discipline dell&#8217;arte, della musica e dello spettacolo a Bologna. Tra il 2005 e il 2006, grazie al servizio civile dedicato alla valorizzazione dell&#8217;area Cultura del Comune di Verona, \u00e8 stata assegnata alla biblioteca del Museo di Storia Naturale, dove si \u00e8 formata sul campo nell&#8217;ambito della catalogazione. Dal 2007 al 2017, tramite la Cooperativa Coop Culture, ha lavorato per la Biblioteca Civica e il Centro Audiovisivi del Comune di Verona, occupandosi sia del servizio di reference che della catalogazione del materiale librario e multimediale. Nel 2007 e 2008 ha anche collaborato con la Societ\u00e0 Letteraria di Verona catalogando parte del posseduto librario ottocentesco salvatosi da un incendio doloso e nel 2011 ha contribuito alla riorganizzazione e catalogazione di parte del materiale posseduto dalla Biblioteca dell&#8217;Ordine degli Ingegneri di Verona.<\/p>\n<p>[\/et_pb_accordion_item][et_pb_accordion_item title=&#8221;Serena Franzon&#8221; _builder_version=&#8221;4.27.4&#8243; _module_preset=&#8221;default&#8221; hover_enabled=&#8221;0&#8243; global_colors_info=&#8221;{}&#8221; open=&#8221;on&#8221; sticky_enabled=&#8221;0&#8243;]<\/p>\n<p class=\"western\"><img decoding=\"async\" loading=\"lazy\" class=\"wp-image-946 size-medium alignleft\" src=\"https:\/\/www.libriliberi.bz.it\/rm\/wp-content\/uploads\/2025\/04\/BZ2-251x300.jpg\" width=\"225\" height=\"300\"\/> <b>Serena Franzon<\/b>, collaboratrice della cooperativa dal 2025, \u00e8 dottore di ricerca in Storia, critica e conservazione dei Beni Culturali. Durante il dottorato ha svolto le prime attivit\u00e0 di catalogazione, e nel 2020 ha inventariato e catalogato opere d&#8217;arte e libri antichi per la Provincia Padovana dei Frati Minori Conventuali. Dal 2023 al 2025 si \u00e8 occupata di catalogare il fondo librario Cesare De Michelis, donato dall&#8217;editore all&#8217;Universit\u00e0 di Padova.<\/p>\n<p>[\/et_pb_accordion_item][\/et_pb_accordion][\/et_pb_column][\/et_pb_row][\/et_pb_section][et_pb_section fb_built=&#8221;1&#8243; _builder_version=&#8221;4.16&#8243; _module_preset=&#8221;default&#8221; global_colors_info=&#8221;{}&#8221;][\/et_pb_section][et_pb_section fb_built=&#8221;1&#8243; _builder_version=&#8221;4.16&#8243; _module_preset=&#8221;default&#8221; global_colors_info=&#8221;{}&#8221;][\/et_pb_section][et_pb_section fb_built=&#8221;1&#8243; _builder_version=&#8221;4.16&#8243; _module_preset=&#8221;default&#8221; global_colors_info=&#8221;{}&#8221;][\/et_pb_section][et_pb_section fb_built=&#8221;1&#8243; _builder_version=&#8221;4.16&#8243; _module_preset=&#8221;default&#8221; global_colors_info=&#8221;{}&#8221;][\/et_pb_section][et_pb_section fb_built=&#8221;1&#8243; _builder_version=&#8221;4.16&#8243; _module_preset=&#8221;default&#8221; global_colors_info=&#8221;{}&#8221;][et_pb_row _builder_version=&#8221;4.16&#8243; _module_preset=&#8221;default&#8221; global_colors_info=&#8221;{}&#8221;][et_pb_column type=&#8221;4_4&#8243; _builder_version=&#8221;4.16&#8243; _module_preset=&#8221;default&#8221; global_colors_info=&#8221;{}&#8221;][\/et_pb_column][\/et_pb_row][\/et_pb_section]<\/p>\n","protected":false},"excerpt":{"rendered":"<p>Staff Il consiglio di amministrazione di Libriliberi \u00e8 composto interamente da donne.Iolanda Cristaldi, socia fondatrice e presidente della Cooperativa. Bibliotecaria (professione disciplinata dalla legge n. 4\/2013) iscritta all&#8217;Elenco degli Associati AIB, Membro del Gruppo nazionale di lavoro AIB (Valutazione e impatto delle tecnologie nei servizi bibliotecari), lavora fin dal 1998 in ambito biblioteconomico con attivit\u00e0 [&hellip;]<\/p>\n","protected":false},"author":1,"featured_media":0,"parent":0,"menu_order":0,"comment_status":"closed","ping_status":"closed","template":"","meta":{"_et_pb_use_builder":"on","_et_pb_old_content":"","_et_gb_content_width":""},"_links":{"self":[{"href":"https:\/\/www.libriliberi.bz.it\/rm\/index.php\/wp-json\/wp\/v2\/pages\/212"}],"collection":[{"href":"https:\/\/www.libriliberi.bz.it\/rm\/index.php\/wp-json\/wp\/v2\/pages"}],"about":[{"href":"https:\/\/www.libriliberi.bz.it\/rm\/index.php\/wp-json\/wp\/v2\/types\/page"}],"author":[{"embeddable":true,"href":"https:\/\/www.libriliberi.bz.it\/rm\/index.php\/wp-json\/wp\/v2\/users\/1"}],"replies":[{"embeddable":true,"href":"https:\/\/www.libriliberi.bz.it\/rm\/index.php\/wp-json\/wp\/v2\/comments?post=212"}],"version-history":[{"count":45,"href":"https:\/\/www.libriliberi.bz.it\/rm\/index.php\/wp-json\/wp\/v2\/pages\/212\/revisions"}],"predecessor-version":[{"id":948,"href":"https:\/\/www.libriliberi.bz.it\/rm\/index.php\/wp-json\/wp\/v2\/pages\/212\/revisions\/948"}],"wp:attachment":[{"href":"https:\/\/www.libriliberi.bz.it\/rm\/index.php\/wp-json\/wp\/v2\/media?parent=212"}],"curies":[{"name":"wp","href":"https:\/\/api.w.org\/{rel}","templated":true}]}}