{"id":281,"date":"2017-08-27T14:15:44","date_gmt":"2017-08-27T12:15:44","guid":{"rendered":"http:\/\/127.0.0.1\/index.php\/uber-uns\/"},"modified":"2017-12-03T19:21:08","modified_gmt":"2017-12-03T18:21:08","slug":"uber-uns","status":"publish","type":"page","link":"https:\/\/www.libriliberi.bz.it\/rm\/index.php\/uber-uns\/?lang=de","title":{"rendered":"\u00dcber uns"},"content":{"rendered":"<p>[et_pb_section bb_built=&#8221;1&#8243; _builder_version=&#8221;3.0.47&#8243;][et_pb_row _builder_version=&#8221;3.0.47&#8243; background_size=&#8221;initial&#8221; background_position=&#8221;top_left&#8221; background_repeat=&#8221;repeat&#8221;][et_pb_column type=&#8221;1_3&#8243;][\/et_pb_column][et_pb_column type=&#8221;2_3&#8243;][et_pb_text _builder_version=&#8221;3.0.90&#8243; background_layout=&#8221;light&#8221;]<\/p>\n<h1>\u00dcber uns<\/h1>\n<p>[\/et_pb_text][\/et_pb_column][\/et_pb_row][et_pb_row _builder_version=&#8221;3.0.47&#8243; background_size=&#8221;initial&#8221; background_position=&#8221;top_left&#8221; background_repeat=&#8221;repeat&#8221;][et_pb_column type=&#8221;1_3&#8243;][et_pb_image _builder_version=&#8221;3.0.71&#8243; src=&#8221;http:\/\/www.libriliberi.bz.it\/rm\/wp-content\/uploads\/2017\/08\/iStock-503518822-1.jpg&#8221; show_in_lightbox=&#8221;off&#8221; url_new_window=&#8221;off&#8221; use_overlay=&#8221;off&#8221; sticky=&#8221;off&#8221; align=&#8221;left&#8221; always_center_on_mobile=&#8221;on&#8221; border_style=&#8221;solid&#8221; force_fullwidth=&#8221;off&#8221; animation=&#8221;off&#8221; show_bottom_space=&#8221;on&#8221; animation_style=&#8221;none&#8221; animation_duration=&#8221;1000ms&#8221; animation_intensity_slide=&#8221;50%&#8221; \/][\/et_pb_column][et_pb_column type=&#8221;2_3&#8243;][et_pb_text _builder_version=&#8221;3.0.90&#8243; background_layout=&#8221;light&#8221;]<\/p>\n<p>Libriliberi ist eine \u201c\u00fcberwiegend mutualistische\u201c Frauengenossenschaft, die in Bozen im Jahre 2009 gegr\u00fcndet wurde. Das Personal von Libriliberi besteht im Anteil von 90% aus Frauen; 100% dieser ist in den Leitungsorganen t\u00e4tig. Dies bewirkt, dass sich die Genossenschaft durch eine besondere und kontinuierliche Ber\u00fccksichtigung der Problematiken von Vereinbarkeit von Familie und Beruf auszeichnet, in dem sie den Mitgliedern maximale Flexibilit\u00e4t zwischen Arbeits- und Familienverpflichtungen garantiert.<br \/>\nDas Personal von Libriliberi ist hochspezialisiert, flexibel und erweist langj\u00e4hrige Erfahrung (Hochschulabschluss in Erhaltung des kulturellen Erbes, Bereich des Archiv- und B\u00fccherwesens und historisch-k\u00fcnstlerischer Bereich); die Koordinierung liegt in den H\u00e4nden von Fachleuten mit gro\u00dfer Erfahrung. Auf diese Weise werden Kompetenzen, Kreativit\u00e4t und Kontinuit\u00e4t in jeder einzelnen Situation garantiert.<\/p>\n<p>Die Genossenschaft kann den \u00f6ffentlichen und privaten Bibliotheken verschiedene Dienste anbieten, unter anderem auch dank der Kenntnisse \u00fcber die wichtigsten Softwares, die die Bibliotheken anwenden: Bestandsaufnahme, Katalogisierung und Ausleihe, Katalogisierung und Einstufung von antiken und modernen Dokumentationsmaterialien nach den italienischen Normen und internationalen Standards bibliographischer Beschreibungen, Beratungsdienste (reference); Benutzerverwaltung (Einschreibung, Ausleihe, Inter library loan).<\/p>\n<ul>\n<li><a href=\"http:\/\/www.libriliberi.bz.it\/rm\/wp-content\/uploads\/2017\/08\/sito-statuto.pdf\">Unser Statut<\/a><\/li>\n<li><a href=\"http:\/\/www.libriliberi.bz.it\/rm\/wp-content\/uploads\/2017\/08\/codice-etico.pdf\">Unser Ethischer Kodex<\/a><\/li>\n<\/ul>\n<p>[\/et_pb_text][\/et_pb_column][\/et_pb_row][\/et_pb_section]<\/p>\n","protected":false},"excerpt":{"rendered":"<p>\u00dcber uns Libriliberi ist eine \u201c\u00fcberwiegend mutualistische\u201c Frauengenossenschaft, die in Bozen im Jahre 2009 gegr\u00fcndet wurde. Das Personal von Libriliberi besteht im Anteil von 90% aus Frauen; 100% dieser ist in den Leitungsorganen t\u00e4tig. Dies bewirkt, dass sich die Genossenschaft durch eine besondere und kontinuierliche Ber\u00fccksichtigung der Problematiken von Vereinbarkeit von Familie und Beruf auszeichnet, [&hellip;]<\/p>\n","protected":false},"author":1,"featured_media":0,"parent":0,"menu_order":0,"comment_status":"closed","ping_status":"closed","template":"","meta":{"_et_pb_use_builder":"on","_et_pb_old_content":"","_et_gb_content_width":""},"_links":{"self":[{"href":"https:\/\/www.libriliberi.bz.it\/rm\/index.php\/wp-json\/wp\/v2\/pages\/281"}],"collection":[{"href":"https:\/\/www.libriliberi.bz.it\/rm\/index.php\/wp-json\/wp\/v2\/pages"}],"about":[{"href":"https:\/\/www.libriliberi.bz.it\/rm\/index.php\/wp-json\/wp\/v2\/types\/page"}],"author":[{"embeddable":true,"href":"https:\/\/www.libriliberi.bz.it\/rm\/index.php\/wp-json\/wp\/v2\/users\/1"}],"replies":[{"embeddable":true,"href":"https:\/\/www.libriliberi.bz.it\/rm\/index.php\/wp-json\/wp\/v2\/comments?post=281"}],"version-history":[{"count":12,"href":"https:\/\/www.libriliberi.bz.it\/rm\/index.php\/wp-json\/wp\/v2\/pages\/281\/revisions"}],"predecessor-version":[{"id":591,"href":"https:\/\/www.libriliberi.bz.it\/rm\/index.php\/wp-json\/wp\/v2\/pages\/281\/revisions\/591"}],"wp:attachment":[{"href":"https:\/\/www.libriliberi.bz.it\/rm\/index.php\/wp-json\/wp\/v2\/media?parent=281"}],"curies":[{"name":"wp","href":"https:\/\/api.w.org\/{rel}","templated":true}]}}