{"id":283,"date":"2017-08-27T14:18:46","date_gmt":"2017-08-27T12:18:46","guid":{"rendered":"http:\/\/127.0.0.1\/index.php\/leistungen\/"},"modified":"2017-12-01T09:04:18","modified_gmt":"2017-12-01T08:04:18","slug":"leistungen","status":"publish","type":"page","link":"https:\/\/www.libriliberi.bz.it\/rm\/index.php\/leistungen\/?lang=de","title":{"rendered":"Leistungen"},"content":{"rendered":"<p>[et_pb_section bb_built=&#8221;1&#8243; _builder_version=&#8221;3.0.47&#8243;][et_pb_row _builder_version=&#8221;3.0.47&#8243; background_size=&#8221;initial&#8221; background_position=&#8221;top_left&#8221; background_repeat=&#8221;repeat&#8221;][et_pb_column type=&#8221;4_4&#8243;][et_pb_text _builder_version=&#8221;3.0.89&#8243; background_layout=&#8221;light&#8221;]<\/p>\n<h1>\u00a0Leistungen<\/h1>\n<p>[\/et_pb_text][\/et_pb_column][\/et_pb_row][et_pb_row _builder_version=&#8221;3.0.47&#8243; background_size=&#8221;initial&#8221; background_position=&#8221;top_left&#8221; background_repeat=&#8221;repeat&#8221;][et_pb_column type=&#8221;2_3&#8243;][et_pb_text admin_label=&#8221;Cosa Facciamo&#8221; module_id=&#8221;cosafacciamo&#8221; _builder_version=&#8221;3.0.89&#8243; background_size=&#8221;initial&#8221; background_position=&#8221;top_left&#8221; background_repeat=&#8221;repeat&#8221; custom_margin=&#8221;10px|10px|10px|10px&#8221; background_layout=&#8221;light&#8221; border_style=&#8221;solid&#8221; module_alignment=&#8221;left&#8221;]<\/p>\n<p>Die Arbeit unserer Genossenschaft gr\u00fcndet auf die st\u00e4ndige Fortbildung unserer Angestellten, sowie auf eine gro\u00dfe Erfahrung, die in den Jahren gewonnen wurde. Wir besch\u00e4ftigen uns mit automatisierter Katalogisierung beschreibender und semantischer Art verschiedener Materialien nach den nationalen und internationalen Regelungen auf informatischen Datenbanken, vor Ort oder auch durch Vernetzung. Wir katalogisieren moderne Materialien, antike und seltene B\u00fccher, multimediale Dokumente. Es k\u00f6nnen antike sowie moderne Materialien katalogisiert werden, Neuank\u00e4ufe sowie schon bestehende Sammlungen. Die von uns geleisteten Dienste k\u00f6nnen auch Aufgaben vorsehen, die mit der Behandlung der B\u00e4nde zusammenh\u00e4ngen, vom Etikettieren und Abstempeln bis zum Einbinden.<\/p>\n<p>Der Schwerpunkt der T\u00e4tigkeiten von Libriliberi liegt auf dem Bereich der Erhaltung des kulturellen Erbes mit besonderem Augenmerk auf den Bereich der Bibliotheken. Die Genossenschaft besch\u00e4ftigt sich haupts\u00e4chlich mit Bibliotheken und Archiven und mit der Katalogisierung moderner B\u00fccher sowie anderen Materialien, wie z.B.Videos, VHS, DVDs, CDs, Ebooks und serialen Ver\u00f6ffentlichungen (Kataloge, Verzeichnisse, Inventare, Zeitschriften), Inventar, Neuordnung, Revision der Sammlungen, Ablegen von Verm\u00f6gen und Fortbildung.<\/p>\n<p>Die Genossenschaft besch\u00e4ftigt sich kompetent auch mit der Buchkatalogisierung der antiken B\u00e4nde (vom Anfang des Druckes im XV Jh. bis 1801).<\/p>\n<p>Wir bieten auch front-office-Leistungen an, um den Bibliotheken die Erweiterung der \u00d6ffnungszeiten in den Feiertagen und Abenden zu erm\u00f6glichen. Wir liefern den Besuchern Ausk\u00fcnfte \u00fcber die Dienstleistungen der Bibliothek, bieten Hilfe bei der Auswahl und Suche der einzelnen B\u00e4nde und geben Informationen \u00fcber Autoren und B\u00fcchertitel mithilfe des Online-Kataloges. Auf der Basis der vor Ort vorhandenen oder per Internet nachschlagbaren Informationsressourcen geben wir den Besuchern bibliographische Informationen, schreiben neue Benutzer nach den Regeln der Bibliothek f\u00fcr die Ausleihe ein, registrieren Ausleihe und R\u00fcckgabe durch automatisierte Leihsysteme, verl\u00e4ngern oder reservieren nicht vorhandene Dokumente, verwalten telefonische Anfragen und Beantragungen von Ank\u00e4ufe von Seite der Benutzer.<\/p>\n<p>Wenn n\u00f6tig, registrieren wir manuell die B\u00fccher zur Ausleihe, R\u00fcckgabe, Resevierungen und Verl\u00e4ngerungen, pr\u00fcfen die effektive Anwesenheit der zur\u00fcckgegebenen B\u00e4nde nach, kontrollieren die Ausleihfristen der R\u00fcckgaben, verwalten die Computernutzung f\u00fcr Besucher (Reservierungen, Registrierungen und Kontrollen des Benutzers), verwalten den Gebrauch des Internets.<\/p>\n<p>[\/et_pb_text][\/et_pb_column][et_pb_column type=&#8221;1_3&#8243;][et_pb_image _builder_version=&#8221;3.0.89&#8243; src=&#8221;http:\/\/www.libriliberi.bz.it\/rm\/wp-content\/uploads\/2017\/12\/libri-volanti.jpg&#8221; show_in_lightbox=&#8221;off&#8221; url_new_window=&#8221;off&#8221; use_overlay=&#8221;off&#8221; sticky=&#8221;off&#8221; align=&#8221;left&#8221; always_center_on_mobile=&#8221;on&#8221; border_style=&#8221;solid&#8221; force_fullwidth=&#8221;off&#8221; animation=&#8221;off&#8221; show_bottom_space=&#8221;on&#8221; border_style_all=&#8221;solid&#8221; animation_direction=&#8221;off&#8221; \/][\/et_pb_column][\/et_pb_row][\/et_pb_section]<\/p>\n","protected":false},"excerpt":{"rendered":"<p>\u00a0Leistungen Die Arbeit unserer Genossenschaft gr\u00fcndet auf die st\u00e4ndige Fortbildung unserer Angestellten, sowie auf eine gro\u00dfe Erfahrung, die in den Jahren gewonnen wurde. Wir besch\u00e4ftigen uns mit automatisierter Katalogisierung beschreibender und semantischer Art verschiedener Materialien nach den nationalen und internationalen Regelungen auf informatischen Datenbanken, vor Ort oder auch durch Vernetzung. Wir katalogisieren moderne Materialien, antike [&hellip;]<\/p>\n","protected":false},"author":1,"featured_media":0,"parent":0,"menu_order":0,"comment_status":"closed","ping_status":"closed","template":"","meta":{"_et_pb_use_builder":"on","_et_pb_old_content":"","_et_gb_content_width":""},"_links":{"self":[{"href":"https:\/\/www.libriliberi.bz.it\/rm\/index.php\/wp-json\/wp\/v2\/pages\/283"}],"collection":[{"href":"https:\/\/www.libriliberi.bz.it\/rm\/index.php\/wp-json\/wp\/v2\/pages"}],"about":[{"href":"https:\/\/www.libriliberi.bz.it\/rm\/index.php\/wp-json\/wp\/v2\/types\/page"}],"author":[{"embeddable":true,"href":"https:\/\/www.libriliberi.bz.it\/rm\/index.php\/wp-json\/wp\/v2\/users\/1"}],"replies":[{"embeddable":true,"href":"https:\/\/www.libriliberi.bz.it\/rm\/index.php\/wp-json\/wp\/v2\/comments?post=283"}],"version-history":[{"count":10,"href":"https:\/\/www.libriliberi.bz.it\/rm\/index.php\/wp-json\/wp\/v2\/pages\/283\/revisions"}],"predecessor-version":[{"id":546,"href":"https:\/\/www.libriliberi.bz.it\/rm\/index.php\/wp-json\/wp\/v2\/pages\/283\/revisions\/546"}],"wp:attachment":[{"href":"https:\/\/www.libriliberi.bz.it\/rm\/index.php\/wp-json\/wp\/v2\/media?parent=283"}],"curies":[{"name":"wp","href":"https:\/\/api.w.org\/{rel}","templated":true}]}}