{"id":288,"date":"2017-08-27T14:31:55","date_gmt":"2017-08-27T12:31:55","guid":{"rendered":"http:\/\/127.0.0.1\/index.php\/unsere-kompetenzen\/"},"modified":"2024-12-02T08:41:48","modified_gmt":"2024-12-02T07:41:48","slug":"unsere-kompetenzen","status":"publish","type":"page","link":"https:\/\/www.libriliberi.bz.it\/rm\/index.php\/unsere-kompetenzen\/?lang=de","title":{"rendered":"Unsere Kompetenzen"},"content":{"rendered":"<p>[et_pb_section fb_built=&#8221;1&#8243; _builder_version=&#8221;4.16&#8243; global_colors_info=&#8221;{}&#8221;][et_pb_row _builder_version=&#8221;4.16&#8243; background_size=&#8221;initial&#8221; background_position=&#8221;top_left&#8221; background_repeat=&#8221;repeat&#8221; global_colors_info=&#8221;{}&#8221;][et_pb_column type=&#8221;4_4&#8243; _builder_version=&#8221;4.16&#8243; custom_padding=&#8221;|||&#8221; global_colors_info=&#8221;{}&#8221; custom_padding__hover=&#8221;|||&#8221;][et_pb_text _builder_version=&#8221;4.16&#8243; global_colors_info=&#8221;{}&#8221;]<\/p>\n<h1>Unsere Kompetenzen<\/h1>\n<p>&nbsp;<\/p>\n<ul>\n<li>Einhaltung der Zeitpl\u00e4ne und Lieferzeiten, die im Auftrag und im Vertrag vereinbart wurden;<\/li>\n<li>Effiziente Probleml\u00f6sung, garantiert durch enge Zusammenarbeit mit dem ganzen Team und mit dem Auftraggeber;<\/li>\n<li>Flexibilit\u00e4t, Genauigkeit, Sorgfalt und Aufmerksamkeit mit Blick auf die Besonderheiten jeder einzelnen Bibliothek;<\/li>\n<li>Konkurrenzf\u00e4hige Kostenvoranschl\u00e4ge;<\/li>\n<li>Pr\u00e4senz auf den Plattformen der E-Marktpl\u00e4tze des \u00f6ffentlichen Dienstes;<\/li>\n<li>Kontinuierliche Fortbildung unserer Mitarbeiter und Auswahl von Fachleuten mit unterschiedlichen Kompetenzen;<\/li>\n<li>ISO Zertifizierung 9001: 2015.<\/li>\n<\/ul>\n<p>[\/et_pb_text][\/et_pb_column][\/et_pb_row][\/et_pb_section]<\/p>\n","protected":false},"excerpt":{"rendered":"<p>Unsere Kompetenzen &nbsp; Einhaltung der Zeitpl\u00e4ne und Lieferzeiten, die im Auftrag und im Vertrag vereinbart wurden; Effiziente Probleml\u00f6sung, garantiert durch enge Zusammenarbeit mit dem ganzen Team und mit dem Auftraggeber; Flexibilit\u00e4t, Genauigkeit, Sorgfalt und Aufmerksamkeit mit Blick auf die Besonderheiten jeder einzelnen Bibliothek; Konkurrenzf\u00e4hige Kostenvoranschl\u00e4ge; Pr\u00e4senz auf den Plattformen der E-Marktpl\u00e4tze des \u00f6ffentlichen Dienstes; Kontinuierliche [&hellip;]<\/p>\n","protected":false},"author":1,"featured_media":0,"parent":0,"menu_order":0,"comment_status":"closed","ping_status":"closed","template":"","meta":{"_et_pb_use_builder":"on","_et_pb_old_content":"","_et_gb_content_width":""},"_links":{"self":[{"href":"https:\/\/www.libriliberi.bz.it\/rm\/index.php\/wp-json\/wp\/v2\/pages\/288"}],"collection":[{"href":"https:\/\/www.libriliberi.bz.it\/rm\/index.php\/wp-json\/wp\/v2\/pages"}],"about":[{"href":"https:\/\/www.libriliberi.bz.it\/rm\/index.php\/wp-json\/wp\/v2\/types\/page"}],"author":[{"embeddable":true,"href":"https:\/\/www.libriliberi.bz.it\/rm\/index.php\/wp-json\/wp\/v2\/users\/1"}],"replies":[{"embeddable":true,"href":"https:\/\/www.libriliberi.bz.it\/rm\/index.php\/wp-json\/wp\/v2\/comments?post=288"}],"version-history":[{"count":5,"href":"https:\/\/www.libriliberi.bz.it\/rm\/index.php\/wp-json\/wp\/v2\/pages\/288\/revisions"}],"predecessor-version":[{"id":830,"href":"https:\/\/www.libriliberi.bz.it\/rm\/index.php\/wp-json\/wp\/v2\/pages\/288\/revisions\/830"}],"wp:attachment":[{"href":"https:\/\/www.libriliberi.bz.it\/rm\/index.php\/wp-json\/wp\/v2\/media?parent=288"}],"curies":[{"name":"wp","href":"https:\/\/api.w.org\/{rel}","templated":true}]}}