{"id":290,"date":"2017-08-27T14:40:35","date_gmt":"2017-08-27T12:40:35","guid":{"rendered":"http:\/\/127.0.0.1\/index.php\/staff\/"},"modified":"2024-12-02T12:39:56","modified_gmt":"2024-12-02T11:39:56","slug":"staff","status":"publish","type":"page","link":"https:\/\/www.libriliberi.bz.it\/rm\/index.php\/staff\/?lang=de","title":{"rendered":"Staff"},"content":{"rendered":"<p>[et_pb_section fb_built=&#8221;1&#8243; _builder_version=&#8221;4.16&#8243; global_colors_info=&#8221;{}&#8221;][et_pb_row admin_label=&#8221;Riga&#8221; _builder_version=&#8221;4.27.4&#8243; background_color=&#8221;#e8e8e8&#8243; background_size=&#8221;initial&#8221; background_position=&#8221;top_left&#8221; background_repeat=&#8221;repeat&#8221; global_colors_info=&#8221;{}&#8221;][et_pb_column type=&#8221;4_4&#8243; _builder_version=&#8221;4.16&#8243; custom_padding=&#8221;|||&#8221; global_colors_info=&#8221;{}&#8221; custom_padding__hover=&#8221;|||&#8221;][et_pb_text admin_label=&#8221;Staff&#8221; module_id=&#8221;staff&#8221; _builder_version=&#8221;4.16&#8243; background_size=&#8221;initial&#8221; background_position=&#8221;top_left&#8221; background_repeat=&#8221;repeat&#8221; custom_margin=&#8221;10px|10px|10px|10px&#8221; saved_tabs=&#8221;all&#8221; global_colors_info=&#8221;{}&#8221;]<\/p>\n<h1>Staff<\/h1>\n<p>Der Verwaltungsrat der Genossenschaft Libriliberi besteht ausschlie\u00dflich aus Frauen. [\/et_pb_text][et_pb_accordion admin_label=&#8221;Staff&#8221; _builder_version=&#8221;4.27.4&#8243; custom_padding=&#8221;|10px||10px&#8221; hover_enabled=&#8221;0&#8243; border_style=&#8221;solid&#8221; saved_tabs=&#8221;all&#8221; global_colors_info=&#8221;{}&#8221; toggle_level=&#8221;h3&#8243; toggle_font=&#8221;Montserrat||||||||&#8221; sticky_enabled=&#8221;0&#8243;][et_pb_accordion_item title=&#8221;Iolanda Cristaldi&#8221; open=&#8221;on&#8221; _builder_version=&#8221;4.27.4&#8243; background_size=&#8221;initial&#8221; background_position=&#8221;top_left&#8221; background_repeat=&#8221;repeat&#8221; global_colors_info=&#8221;{}&#8221; toggle_level=&#8221;h3&#8243; toggle_font=&#8221;Montserrat||||||||&#8221;]<\/p>\n<p class=\"western\"><img decoding=\"async\" loading=\"lazy\" class=\"wp-image-483 size-medium alignleft\" src=\"http:\/\/www.libriliberi.bz.it\/rm\/wp-content\/uploads\/2017\/08\/Iolanda-Cristaldi-225x300.jpg\" alt=\"\" width=\"225\" height=\"300\" \/><\/p>\n<p class=\"western\"><b>Iolanda Cristaldi<\/b>, Gr\u00fcndungsmitglied und Pr\u00e4sidentin der Genossenschaft. Bibliothekarin (Beruf geregelt im Gesetz Nr 4\/2013), Mitglied des AIB, Mitglied der nationalen Arbeitsgruppe AIB (Sch\u00e4tzung der Folgen der Technologien in den Bibliotheksdiensten). Sie arbeitet seit 1998 im Bereich der Bibliothekwissenschaft, k\u00fcmmert sich um Katalogisierung, Beratung und Fortbildung.<br \/>Hochschulabschluss in Erziehungswissenschaften, Fachrichtung \u201eExperte in Bildungsprozesse\u201c, Fakult\u00e4t \u201eLettere e Filosofia\u201c an der Universit\u00e0 degli Studi di Verona. Zweiter Hochschulabschluss in Erhaltung des kulturellen Erbes, Fakult\u00e4t \u201eLettere e Filosofia\u201c, Fachrichtung \u201earchivistico librario\u201c an der Universit\u00e4t Ca\u2019 Foscari in Venedig. Masterstudiengang erster Stufe in \u201eIndicizzazione di documenti cartacei, multimediali ed elettronici in ambiente digitale\u201d, Ausbildung beim Staatsarchiv in Bozen, Lehrgang f\u00fcr Archivkunde, Pal\u00e4ographie und Diplomatik.<br \/>Als Pr\u00e4sidentin k\u00fcmmert sie sich um die Organisation und Verwaltung der Genossenschaft, pflegt die Beziehungen zu den Auftraggebern und den \u00f6ffentlichen Diensten, erbringt Arbeitsleistungen in der Katalogisierung, bevorzugt antike Dokumente oder Archivwesen.<\/p>\n<p>[\/et_pb_accordion_item][et_pb_accordion_item title=&#8221;Valeria Mantovan&#8221; _builder_version=&#8221;4.27.4&#8243; background_size=&#8221;initial&#8221; background_position=&#8221;top_left&#8221; background_repeat=&#8221;repeat&#8221; global_colors_info=&#8221;{}&#8221; toggle_level=&#8221;h3&#8243; toggle_font=&#8221;Montserrat||||||||&#8221; open=&#8221;off&#8221;]<\/p>\n<p><img decoding=\"async\" loading=\"lazy\" class=\"size-medium wp-image-335 alignleft\" src=\"http:\/\/www.libriliberi.bz.it\/rm\/wp-content\/uploads\/2017\/08\/valeriamantovan-1-225x300.png\" alt=\"\" width=\"225\" height=\"300\" srcset=\"https:\/\/www.libriliberi.bz.it\/rm\/wp-content\/uploads\/2017\/08\/valeriamantovan-1-225x300.png 225w, https:\/\/www.libriliberi.bz.it\/rm\/wp-content\/uploads\/2017\/08\/valeriamantovan-1.png 300w\" sizes=\"(max-width: 225px) 100vw, 225px\" \/><\/p>\n<p>&nbsp;<\/p>\n<p class=\"western\"><b>Valeria Mantovan<\/b>, Gr\u00fcndungsmitglied. Arbeitet seit 2003 im Bereich der Bibliotheken.<br \/>Hochschulabschluss in Erhaltung des kulturellen Erbes, Fakult\u00e4t \u201eLettere e Filosofia\u201c, Fachrichtung \u201earchivistico librario\u201c in Parma.<br \/>Erfahrene Expertin in Katalogisierung von multimedialen und gedruckten Dokumenten, mit besonderem Augenmerk auf antike B\u00fccher. Sie koordiniert die Katalogisierung multimedialer Dokumente und k\u00fcmmert sich um die Fortbildung in diesem Bereich.<\/p>\n<p>[\/et_pb_accordion_item][et_pb_accordion_item title=&#8221;Alessio Gerometta&#8221; _builder_version=&#8221;4.16&#8243; background_size=&#8221;initial&#8221; background_position=&#8221;top_left&#8221; background_repeat=&#8221;repeat&#8221; global_colors_info=&#8221;{}&#8221; open=&#8221;off&#8221;]<img decoding=\"async\" loading=\"lazy\" class=\"wp-image-489 size-medium alignleft\" src=\"http:\/\/www.libriliberi.bz.it\/rm\/wp-content\/uploads\/2017\/08\/AlessioGerometta-225x300.jpg\" alt=\"\" width=\"225\" height=\"300\" \/><\/p>\n<p>&nbsp;<\/p>\n<p class=\"western\"><b>Alessio Gerometta<\/b>, Mitglied der Genossenschaft seit 2011. Hochschulabschluss in Parma im Fach \u201eBeni artistici, teatrali, cinematografici e dei nuovi media\u201d, Fakult\u00e4t \u201cLettere e Filosofia\u201d, Magisterstudium in \u201cStoria, critica e organizzazione delle arti e dello spettacolo\u201d. Er k\u00fcmmert sich um die Verwaltung und Katalogisierung von Kulturg\u00fcter, Kultur- und Kunstwirtschaft, Kultur- und Kunstmanagement. Er katalogisiert moderne gedruckte B\u00e4nde f\u00fcr \u00f6ffentliche Bibliotheken und Schulbibliotheken.<\/p>\n<p>[\/et_pb_accordion_item][\/et_pb_accordion][\/et_pb_column][\/et_pb_row][\/et_pb_section]<\/p>\n","protected":false},"excerpt":{"rendered":"<p>Staff Der Verwaltungsrat der Genossenschaft Libriliberi besteht ausschlie\u00dflich aus Frauen. Iolanda Cristaldi, Gr\u00fcndungsmitglied und Pr\u00e4sidentin der Genossenschaft. Bibliothekarin (Beruf geregelt im Gesetz Nr 4\/2013), Mitglied des AIB, Mitglied der nationalen Arbeitsgruppe AIB (Sch\u00e4tzung der Folgen der Technologien in den Bibliotheksdiensten). Sie arbeitet seit 1998 im Bereich der Bibliothekwissenschaft, k\u00fcmmert sich um Katalogisierung, Beratung und Fortbildung.Hochschulabschluss [&hellip;]<\/p>\n","protected":false},"author":1,"featured_media":0,"parent":0,"menu_order":0,"comment_status":"closed","ping_status":"closed","template":"","meta":{"_et_pb_use_builder":"on","_et_pb_old_content":"","_et_gb_content_width":""},"_links":{"self":[{"href":"https:\/\/www.libriliberi.bz.it\/rm\/index.php\/wp-json\/wp\/v2\/pages\/290"}],"collection":[{"href":"https:\/\/www.libriliberi.bz.it\/rm\/index.php\/wp-json\/wp\/v2\/pages"}],"about":[{"href":"https:\/\/www.libriliberi.bz.it\/rm\/index.php\/wp-json\/wp\/v2\/types\/page"}],"author":[{"embeddable":true,"href":"https:\/\/www.libriliberi.bz.it\/rm\/index.php\/wp-json\/wp\/v2\/users\/1"}],"replies":[{"embeddable":true,"href":"https:\/\/www.libriliberi.bz.it\/rm\/index.php\/wp-json\/wp\/v2\/comments?post=290"}],"version-history":[{"count":30,"href":"https:\/\/www.libriliberi.bz.it\/rm\/index.php\/wp-json\/wp\/v2\/pages\/290\/revisions"}],"predecessor-version":[{"id":902,"href":"https:\/\/www.libriliberi.bz.it\/rm\/index.php\/wp-json\/wp\/v2\/pages\/290\/revisions\/902"}],"wp:attachment":[{"href":"https:\/\/www.libriliberi.bz.it\/rm\/index.php\/wp-json\/wp\/v2\/media?parent=290"}],"curies":[{"name":"wp","href":"https:\/\/api.w.org\/{rel}","templated":true}]}}